{"id":987,"date":"2021-09-23T15:21:59","date_gmt":"2021-09-23T15:21:59","guid":{"rendered":"https:\/\/www.ichildforchild.org\/?page_id=987"},"modified":"2021-09-24T11:11:30","modified_gmt":"2021-09-24T11:11:30","slug":"duyuru-basligi-2","status":"publish","type":"page","link":"https:\/\/www.ichildforchild.org\/index.php\/duyuru-basligi-2\/","title":{"rendered":"Duyuru Ba\u015fl\u0131\u011f\u0131-2"},"content":{"rendered":"\n<p>Duyuru \u0130\u00e7eri\u011fi buraya uzun uzun resimlerle beraber girilecek<\/p>\n","protected":false},"excerpt":{"rendered":"<p>Duyuru \u0130\u00e7eri\u011fi buraya uzun uzun resimlerle beraber girilecek<\/p>\n","protected":false},"author":1,"featured_media":0,"parent":0,"menu_order":0,"comment_status":"closed","ping_status":"closed","template":"","meta":[],"_links":{"self":[{"href":"https:\/\/www.ichildforchild.org\/index.php\/wp-json\/wp\/v2\/pages\/987"}],"collection":[{"href":"https:\/\/www.ichildforchild.org\/index.php\/wp-json\/wp\/v2\/pages"}],"about":[{"href":"https:\/\/www.ichildforchild.org\/index.php\/wp-json\/wp\/v2\/types\/page"}],"author":[{"embeddable":true,"href":"https:\/\/www.ichildforchild.org\/index.php\/wp-json\/wp\/v2\/users\/1"}],"replies":[{"embeddable":true,"href":"https:\/\/www.ichildforchild.org\/index.php\/wp-json\/wp\/v2\/comments?post=987"}],"version-history":[{"count":1,"href":"https:\/\/www.ichildforchild.org\/index.php\/wp-json\/wp\/v2\/pages\/987\/revisions"}],"predecessor-version":[{"id":988,"href":"https:\/\/www.ichildforchild.org\/index.php\/wp-json\/wp\/v2\/pages\/987\/revisions\/988"}],"wp:attachment":[{"href":"https:\/\/www.ichildforchild.org\/index.php\/wp-json\/wp\/v2\/media?parent=987"}],"curies":[{"name":"wp","href":"https:\/\/api.w.org\/{rel}","templated":true}]}}