{"id":1428,"date":"2022-02-02T13:22:08","date_gmt":"2022-02-02T13:22:08","guid":{"rendered":"https:\/\/www.ichildforchild.org\/?page_id=1428"},"modified":"2025-03-26T09:59:53","modified_gmt":"2025-03-26T09:59:53","slug":"ichild-misyon-ve-vizyon","status":"publish","type":"page","link":"https:\/\/www.ichildforchild.org\/index.php\/ichild-misyon-ve-vizyon\/","title":{"rendered":"ICHILD Misyon ve Vizyon"},"content":{"rendered":"\n<p>ICHILD, toplum taraf\u0131ndan her \u00e7ocu\u011fun e\u015fit bir yurtta\u015f ve \u00f6zne olarak kabul edilmesini sa\u011flayacak ad\u0131mlar atmak ve halihaz\u0131rda at\u0131lm\u0131\u015f olan ad\u0131mlar\u0131 g\u00fc\u00e7lendirmek i\u00e7in faaliyet g\u00f6sterir. Bu eksende, \u00e7ocuklar\u0131n kendi haklar\u0131n\u0131 savunabilmeleri i\u00e7in var olan mekanizmalar\u0131 g\u00fc\u00e7lendirmeyi ve gerekti\u011fi noktalarda yeni mekanizmalar tasarlamay\u0131 da hedefler.&nbsp;<\/p>\n\n\n\n<p>Y\u00fcr\u00fctt\u00fc\u011f\u00fc t\u00fcm \u00e7al\u0131\u015fmalar\u0131nda \u00e7ocu\u011fun y\u00fcksek yarar\u0131n\u0131 g\u00f6zetir ve \u00e7ocuklar\u0131n kat\u0131l\u0131m hakk\u0131n\u0131 \u00f6n planda tutarak, onlarla dayan\u0131\u015fma ve i\u015fbirli\u011fi i\u00e7erisinde \u00e7al\u0131\u015f\u0131r.<\/p>\n\n\n\n<p><strong><meta charset=\"utf-8\"><strong><u>Vizyon<\/u><\/strong><\/strong><\/p>\n\n\n\n<p>ICHILD\u2019\u0131n vizyonu; \u00e7ocuk haklar\u0131 temelli yakla\u015f\u0131m\u0131n benimsendi\u011fi, \u00e7ocuk haklar\u0131n\u0131n, \u00e7ocuk kat\u0131l\u0131m\u0131n\u0131n g\u00fc\u00e7lendirildi\u011fi ve Birle\u015fmi\u015f Milletler \u00c7ocuk Haklar\u0131na Dair S\u00f6zle\u015fme\u2019nin b\u00fct\u00fcnc\u00fcl bir yakla\u015f\u0131mla kar\u015f\u0131l\u0131k buldu\u011fu bir toplumdur.<\/p>\n\n\n\n<p><strong><meta charset=\"utf-8\"><strong><u>Misyon<\/u><\/strong><\/strong><\/p>\n\n\n\n<p>ICHILD\u2019\u0131n misyonu;<\/p>\n\n\n\n<ul><li>Hak \u00f6znesi olan \u00e7ocuklar\u0131n ve di\u011fer payda\u015flar\u0131n, Birle\u015fmi\u015f Milletler \u00c7ocuk Haklar\u0131na Dair S\u00f6zle\u015fme konusunda kapasitelerinin g\u00fc\u00e7lendirilmesi,<\/li><li>Hak \u00f6znesi olan \u00e7ocuklar\u0131n, karar alma s\u00fcre\u00e7lerinde s\u00f6z sahibi olmalar\u0131 i\u00e7in, kendi \u00f6ncelik alanlar\u0131 i\u00e7inde kapasitelerinin geli\u015ftirilmesi ve \u00f6rg\u00fctlenme \u00f6zg\u00fcrl\u00fcklerinin desteklenmesi,<\/li><li>\u00c7ocuk haklar\u0131 ve \u00e7ocuk kat\u0131l\u0131m\u0131 konusunda, toplum genelinde i\u015flevsel bir fark\u0131ndal\u0131k ve etkinin yarat\u0131lmas\u0131d\u0131r.<\/li><\/ul>\n\n\n\n<p><strong><u>Hedefler<\/u><\/strong><\/p>\n\n\n\n<ul><li>\u00c7ocukluklar\u0131n, Birle\u015fmi\u015f Milletler \u00c7ocuk Haklar\u0131na Dair S\u00f6zle\u015fme (BM \u00c7HS) kapsam\u0131nda sahip olduklar\u0131 haklar konusunda kapasitelerini g\u00fc\u00e7lendirmek,<\/li><\/ul>\n\n\n\n<ul><li>\u00c7ocuklar\u0131n, BM \u00c7HS kapsam\u0131nda sahip olduklar\u0131 haklar\u0131n savunuculuk faaliyetlerini y\u00fcr\u00fctmek,<\/li><\/ul>\n\n\n\n<ul><li>\u00c7ocuk haklar\u0131 \u00e7al\u0131\u015fmalar\u0131 alan\u0131nda \u00e7ocuklar\u0131n ihtiya\u00e7, talep ve \u00f6nceliklerini g\u00f6r\u00fcn\u00fcr k\u0131lmak,<\/li><\/ul>\n\n\n\n<ul><li>\u00c7ocuklar\u0131n kat\u0131l\u0131m haklar\u0131n\u0131 g\u00fc\u00e7lendirmek,<\/li><\/ul>\n\n\n\n<ul><li>\u00c7ocuk kat\u0131l\u0131m\u0131n\u0131n g\u00fc\u00e7lendirilmesi i\u00e7in yerelle\u015fme \u00e7al\u0131\u015fmalar\u0131n\u0131 g\u00fc\u00e7lendirmek,<\/li><\/ul>\n\n\n\n<ul><li>\u00c7ocuklar\u0131n \u00f6rg\u00fctlenme \u00f6zg\u00fcrl\u00fc\u011f\u00fc kapsam\u0131nda kapasitelerini g\u00fc\u00e7lendirmek,<\/li><\/ul>\n\n\n\n<ul><li>\u00c7ocuk haklar\u0131 alan\u0131nda \u00e7al\u0131\u015fan kurulu\u015flar\u0131n kapasitelerini g\u00fc\u00e7lendirmek,<\/li><\/ul>\n\n\n\n<ul><li>\u00c7ocuklar\u0131n izleme, raporlama ve belgeleme kapasitelerini g\u00fc\u00e7lendirmek,<\/li><\/ul>\n\n\n\n<ul><li>\u00c7ocuk haklar\u0131n\u0131n g\u00fc\u00e7lendirilmesi i\u00e7in ortakl\u0131klar ve i\u015fbirlikleri geli\u015ftirmek<\/li><\/ul>\n","protected":false},"excerpt":{"rendered":"<p>ICHILD, toplum taraf\u0131ndan her \u00e7ocu\u011fun e\u015fit bir yurtta\u015f ve \u00f6zne olarak kabul edilmesini sa\u011flayacak ad\u0131mlar atmak ve halihaz\u0131rda at\u0131lm\u0131\u015f olan ad\u0131mlar\u0131 g\u00fc\u00e7lendirmek i\u00e7in faaliyet g\u00f6sterir. Bu eksende, \u00e7ocuklar\u0131n kendi haklar\u0131n\u0131 savunabilmeleri i\u00e7in var olan mekanizmalar\u0131 g\u00fc\u00e7lendirmeyi ve gerekti\u011fi noktalarda yeni mekanizmalar tasarlamay\u0131 da hedefler.&nbsp; Y\u00fcr\u00fctt\u00fc\u011f\u00fc t\u00fcm \u00e7al\u0131\u015fmalar\u0131nda \u00e7ocu\u011fun y\u00fcksek yarar\u0131n\u0131 g\u00f6zetir ve \u00e7ocuklar\u0131n kat\u0131l\u0131m hakk\u0131n\u0131 [&hellip;]<\/p>\n","protected":false},"author":1,"featured_media":0,"parent":0,"menu_order":0,"comment_status":"closed","ping_status":"closed","template":"","meta":[],"_links":{"self":[{"href":"https:\/\/www.ichildforchild.org\/index.php\/wp-json\/wp\/v2\/pages\/1428"}],"collection":[{"href":"https:\/\/www.ichildforchild.org\/index.php\/wp-json\/wp\/v2\/pages"}],"about":[{"href":"https:\/\/www.ichildforchild.org\/index.php\/wp-json\/wp\/v2\/types\/page"}],"author":[{"embeddable":true,"href":"https:\/\/www.ichildforchild.org\/index.php\/wp-json\/wp\/v2\/users\/1"}],"replies":[{"embeddable":true,"href":"https:\/\/www.ichildforchild.org\/index.php\/wp-json\/wp\/v2\/comments?post=1428"}],"version-history":[{"count":6,"href":"https:\/\/www.ichildforchild.org\/index.php\/wp-json\/wp\/v2\/pages\/1428\/revisions"}],"predecessor-version":[{"id":1745,"href":"https:\/\/www.ichildforchild.org\/index.php\/wp-json\/wp\/v2\/pages\/1428\/revisions\/1745"}],"wp:attachment":[{"href":"https:\/\/www.ichildforchild.org\/index.php\/wp-json\/wp\/v2\/media?parent=1428"}],"curies":[{"name":"wp","href":"https:\/\/api.w.org\/{rel}","templated":true}]}}