{"id":1424,"date":"2022-02-02T13:20:32","date_gmt":"2022-02-02T13:20:32","guid":{"rendered":"https:\/\/www.ichildforchild.org\/?page_id=1424"},"modified":"2022-02-02T13:20:32","modified_gmt":"2022-02-02T13:20:32","slug":"davranis-kurallari-2","status":"publish","type":"page","link":"https:\/\/www.ichildforchild.org\/index.php\/davranis-kurallari-2\/","title":{"rendered":"Davran\u0131\u015f Kurallar\u0131"},"content":{"rendered":"","protected":false},"excerpt":{"rendered":"","protected":false},"author":1,"featured_media":0,"parent":0,"menu_order":0,"comment_status":"closed","ping_status":"closed","template":"","meta":[],"_links":{"self":[{"href":"https:\/\/www.ichildforchild.org\/index.php\/wp-json\/wp\/v2\/pages\/1424"}],"collection":[{"href":"https:\/\/www.ichildforchild.org\/index.php\/wp-json\/wp\/v2\/pages"}],"about":[{"href":"https:\/\/www.ichildforchild.org\/index.php\/wp-json\/wp\/v2\/types\/page"}],"author":[{"embeddable":true,"href":"https:\/\/www.ichildforchild.org\/index.php\/wp-json\/wp\/v2\/users\/1"}],"replies":[{"embeddable":true,"href":"https:\/\/www.ichildforchild.org\/index.php\/wp-json\/wp\/v2\/comments?post=1424"}],"version-history":[{"count":1,"href":"https:\/\/www.ichildforchild.org\/index.php\/wp-json\/wp\/v2\/pages\/1424\/revisions"}],"predecessor-version":[{"id":1425,"href":"https:\/\/www.ichildforchild.org\/index.php\/wp-json\/wp\/v2\/pages\/1424\/revisions\/1425"}],"wp:attachment":[{"href":"https:\/\/www.ichildforchild.org\/index.php\/wp-json\/wp\/v2\/media?parent=1424"}],"curies":[{"name":"wp","href":"https:\/\/api.w.org\/{rel}","templated":true}]}}